{"id":1196,"date":"2026-03-26T10:22:52","date_gmt":"2026-03-26T09:22:52","guid":{"rendered":"https:\/\/vintagecamper.adlunam-agency.com\/touraine\/?page_id=1196"},"modified":"2026-03-26T19:25:57","modified_gmt":"2026-03-26T18:25:57","slug":"evenementiel-en-touraine","status":"publish","type":"page","link":"https:\/\/vintagecamper.adlunam-agency.com\/touraine\/evenementiel-en-touraine\/","title":{"rendered":"Ev\u00e8nementiel en Touraine"},"content":{"rendered":"","protected":false},"excerpt":{"rendered":"","protected":false},"author":26,"featured_media":1201,"parent":0,"menu_order":0,"comment_status":"closed","ping_status":"closed","template":"","meta":{"_acf_changed":false,"footnotes":""},"class_list":["post-1196","page","type-page","status-publish","has-post-thumbnail","hentry"],"acf":[],"yoast_head":"<!-- This site is optimized with the Yoast SEO plugin v26.8 - https:\/\/yoast.com\/product\/yoast-seo-wordpress\/ -->\n<title>Ev\u00e8nementiel en Touraine - Vintage Camper Touraine<\/title>\n<meta name=\"description\" content=\"Pour tous vos \u00e9v\u00e8nements s\u00e9minaire, team-building, evjf, evg, mariage, vintage camper touraine vous propose la location de combi.\" \/>\n<meta name=\"robots\" content=\"noindex, follow, max-snippet:-1, max-image-preview:large, max-video-preview:-1\" \/>\n<meta property=\"og:locale\" content=\"fr_FR\" \/>\n<meta property=\"og:type\" content=\"article\" \/>\n<meta property=\"og:title\" content=\"Ev\u00e8nementiel en Touraine - Vintage Camper Touraine\" \/>\n<meta property=\"og:description\" content=\"Pour tous vos \u00e9v\u00e8nements s\u00e9minaire, team-building, evjf, evg, mariage, vintage camper touraine vous propose la location de combi.\" \/>\n<meta property=\"og:url\" content=\"https:\/\/vintagecamper.adlunam-agency.com\/touraine\/evenementiel-en-touraine\/\" \/>\n<meta property=\"og:site_name\" content=\"Vintage Camper Touraine\" \/>\n<meta property=\"article:modified_time\" content=\"2026-03-26T18:25:57+00:00\" \/>\n<meta property=\"og:image\" content=\"https:\/\/vintagecamper.adlunam-agency.com\/touraine\/wp-content\/uploads\/sites\/5\/2026\/03\/seminaire-team-buidling-vintage-camper-touraine-scaled.jpg\" \/>\n\t<meta property=\"og:image:width\" content=\"2560\" \/>\n\t<meta property=\"og:image:height\" content=\"1492\" \/>\n\t<meta property=\"og:image:type\" content=\"image\/jpeg\" \/>\n<meta name=\"twitter:card\" content=\"summary_large_image\" \/>\n<meta name=\"twitter:label1\" content=\"Dur\u00e9e de lecture estim\u00e9e\" \/>\n\t<meta name=\"twitter:data1\" content=\"3 minutes\" \/>\n<script type=\"application\/ld+json\" class=\"yoast-schema-graph\">{\"@context\":\"https:\/\/schema.org\",\"@graph\":[{\"@type\":\"WebPage\",\"@id\":\"https:\/\/vintagecamper.adlunam-agency.com\/touraine\/evenementiel-en-touraine\/\",\"url\":\"https:\/\/vintagecamper.adlunam-agency.com\/touraine\/evenementiel-en-touraine\/\",\"name\":\"Ev\u00e8nementiel en Touraine - Vintage Camper Touraine\",\"isPartOf\":{\"@id\":\"https:\/\/vintagecamper.adlunam-agency.com\/touraine\/#website\"},\"primaryImageOfPage\":{\"@id\":\"https:\/\/vintagecamper.adlunam-agency.com\/touraine\/evenementiel-en-touraine\/#primaryimage\"},\"image\":{\"@id\":\"https:\/\/vintagecamper.adlunam-agency.com\/touraine\/evenementiel-en-touraine\/#primaryimage\"},\"thumbnailUrl\":\"https:\/\/vintagecamper.adlunam-agency.com\/touraine\/wp-content\/uploads\/sites\/5\/2026\/03\/seminaire-team-buidling-vintage-camper-touraine-scaled.jpg\",\"datePublished\":\"2026-03-26T09:22:52+00:00\",\"dateModified\":\"2026-03-26T18:25:57+00:00\",\"description\":\"Pour tous vos \u00e9v\u00e8nements s\u00e9minaire, team-building, evjf, evg, mariage, vintage camper touraine vous propose la location de combi.\",\"breadcrumb\":{\"@id\":\"https:\/\/vintagecamper.adlunam-agency.com\/touraine\/evenementiel-en-touraine\/#breadcrumb\"},\"inLanguage\":\"fr-FR\",\"potentialAction\":[{\"@type\":\"ReadAction\",\"target\":[\"https:\/\/vintagecamper.adlunam-agency.com\/touraine\/evenementiel-en-touraine\/\"]}]},{\"@type\":\"ImageObject\",\"inLanguage\":\"fr-FR\",\"@id\":\"https:\/\/vintagecamper.adlunam-agency.com\/touraine\/evenementiel-en-touraine\/#primaryimage\",\"url\":\"https:\/\/vintagecamper.adlunam-agency.com\/touraine\/wp-content\/uploads\/sites\/5\/2026\/03\/seminaire-team-buidling-vintage-camper-touraine-scaled.jpg\",\"contentUrl\":\"https:\/\/vintagecamper.adlunam-agency.com\/touraine\/wp-content\/uploads\/sites\/5\/2026\/03\/seminaire-team-buidling-vintage-camper-touraine-scaled.jpg\",\"width\":2560,\"height\":1492},{\"@type\":\"BreadcrumbList\",\"@id\":\"https:\/\/vintagecamper.adlunam-agency.com\/touraine\/evenementiel-en-touraine\/#breadcrumb\",\"itemListElement\":[{\"@type\":\"ListItem\",\"position\":1,\"name\":\"Accueil\",\"item\":\"https:\/\/vintagecamper.adlunam-agency.com\/touraine\/\"},{\"@type\":\"ListItem\",\"position\":2,\"name\":\"Ev\u00e8nementiel en Touraine\"}]},{\"@type\":\"WebSite\",\"@id\":\"https:\/\/vintagecamper.adlunam-agency.com\/touraine\/#website\",\"url\":\"https:\/\/vintagecamper.adlunam-agency.com\/touraine\/\",\"name\":\"Vintage Camper Touraine\",\"description\":\"\",\"potentialAction\":[{\"@type\":\"SearchAction\",\"target\":{\"@type\":\"EntryPoint\",\"urlTemplate\":\"https:\/\/vintagecamper.adlunam-agency.com\/touraine\/?s={search_term_string}\"},\"query-input\":{\"@type\":\"PropertyValueSpecification\",\"valueRequired\":true,\"valueName\":\"search_term_string\"}}],\"inLanguage\":\"fr-FR\"}]}<\/script>\n<!-- \/ Yoast SEO plugin. -->","yoast_head_json":{"title":"Ev\u00e8nementiel en Touraine - Vintage Camper Touraine","description":"Pour tous vos \u00e9v\u00e8nements s\u00e9minaire, team-building, evjf, evg, mariage, vintage camper touraine vous propose la location de combi.","robots":{"index":"noindex","follow":"follow","max-snippet":"max-snippet:-1","max-image-preview":"max-image-preview:large","max-video-preview":"max-video-preview:-1"},"og_locale":"fr_FR","og_type":"article","og_title":"Ev\u00e8nementiel en Touraine - Vintage Camper Touraine","og_description":"Pour tous vos \u00e9v\u00e8nements s\u00e9minaire, team-building, evjf, evg, mariage, vintage camper touraine vous propose la location de combi.","og_url":"https:\/\/vintagecamper.adlunam-agency.com\/touraine\/evenementiel-en-touraine\/","og_site_name":"Vintage Camper Touraine","article_modified_time":"2026-03-26T18:25:57+00:00","og_image":[{"width":2560,"height":1492,"url":"https:\/\/vintagecamper.adlunam-agency.com\/touraine\/wp-content\/uploads\/sites\/5\/2026\/03\/seminaire-team-buidling-vintage-camper-touraine-scaled.jpg","type":"image\/jpeg"}],"twitter_card":"summary_large_image","twitter_misc":{"Dur\u00e9e de lecture estim\u00e9e":"3 minutes"},"schema":{"@context":"https:\/\/schema.org","@graph":[{"@type":"WebPage","@id":"https:\/\/vintagecamper.adlunam-agency.com\/touraine\/evenementiel-en-touraine\/","url":"https:\/\/vintagecamper.adlunam-agency.com\/touraine\/evenementiel-en-touraine\/","name":"Ev\u00e8nementiel en Touraine - Vintage Camper Touraine","isPartOf":{"@id":"https:\/\/vintagecamper.adlunam-agency.com\/touraine\/#website"},"primaryImageOfPage":{"@id":"https:\/\/vintagecamper.adlunam-agency.com\/touraine\/evenementiel-en-touraine\/#primaryimage"},"image":{"@id":"https:\/\/vintagecamper.adlunam-agency.com\/touraine\/evenementiel-en-touraine\/#primaryimage"},"thumbnailUrl":"https:\/\/vintagecamper.adlunam-agency.com\/touraine\/wp-content\/uploads\/sites\/5\/2026\/03\/seminaire-team-buidling-vintage-camper-touraine-scaled.jpg","datePublished":"2026-03-26T09:22:52+00:00","dateModified":"2026-03-26T18:25:57+00:00","description":"Pour tous vos \u00e9v\u00e8nements s\u00e9minaire, team-building, evjf, evg, mariage, vintage camper touraine vous propose la location de combi.","breadcrumb":{"@id":"https:\/\/vintagecamper.adlunam-agency.com\/touraine\/evenementiel-en-touraine\/#breadcrumb"},"inLanguage":"fr-FR","potentialAction":[{"@type":"ReadAction","target":["https:\/\/vintagecamper.adlunam-agency.com\/touraine\/evenementiel-en-touraine\/"]}]},{"@type":"ImageObject","inLanguage":"fr-FR","@id":"https:\/\/vintagecamper.adlunam-agency.com\/touraine\/evenementiel-en-touraine\/#primaryimage","url":"https:\/\/vintagecamper.adlunam-agency.com\/touraine\/wp-content\/uploads\/sites\/5\/2026\/03\/seminaire-team-buidling-vintage-camper-touraine-scaled.jpg","contentUrl":"https:\/\/vintagecamper.adlunam-agency.com\/touraine\/wp-content\/uploads\/sites\/5\/2026\/03\/seminaire-team-buidling-vintage-camper-touraine-scaled.jpg","width":2560,"height":1492},{"@type":"BreadcrumbList","@id":"https:\/\/vintagecamper.adlunam-agency.com\/touraine\/evenementiel-en-touraine\/#breadcrumb","itemListElement":[{"@type":"ListItem","position":1,"name":"Accueil","item":"https:\/\/vintagecamper.adlunam-agency.com\/touraine\/"},{"@type":"ListItem","position":2,"name":"Ev\u00e8nementiel en Touraine"}]},{"@type":"WebSite","@id":"https:\/\/vintagecamper.adlunam-agency.com\/touraine\/#website","url":"https:\/\/vintagecamper.adlunam-agency.com\/touraine\/","name":"Vintage Camper Touraine","description":"","potentialAction":[{"@type":"SearchAction","target":{"@type":"EntryPoint","urlTemplate":"https:\/\/vintagecamper.adlunam-agency.com\/touraine\/?s={search_term_string}"},"query-input":{"@type":"PropertyValueSpecification","valueRequired":true,"valueName":"search_term_string"}}],"inLanguage":"fr-FR"}]}},"_links":{"self":[{"href":"https:\/\/vintagecamper.adlunam-agency.com\/touraine\/wp-json\/wp\/v2\/pages\/1196","targetHints":{"allow":["GET"]}}],"collection":[{"href":"https:\/\/vintagecamper.adlunam-agency.com\/touraine\/wp-json\/wp\/v2\/pages"}],"about":[{"href":"https:\/\/vintagecamper.adlunam-agency.com\/touraine\/wp-json\/wp\/v2\/types\/page"}],"author":[{"embeddable":true,"href":"https:\/\/vintagecamper.adlunam-agency.com\/touraine\/wp-json\/wp\/v2\/users\/26"}],"replies":[{"embeddable":true,"href":"https:\/\/vintagecamper.adlunam-agency.com\/touraine\/wp-json\/wp\/v2\/comments?post=1196"}],"version-history":[{"count":43,"href":"https:\/\/vintagecamper.adlunam-agency.com\/touraine\/wp-json\/wp\/v2\/pages\/1196\/revisions"}],"predecessor-version":[{"id":1310,"href":"https:\/\/vintagecamper.adlunam-agency.com\/touraine\/wp-json\/wp\/v2\/pages\/1196\/revisions\/1310"}],"wp:featuredmedia":[{"embeddable":true,"href":"https:\/\/vintagecamper.adlunam-agency.com\/touraine\/wp-json\/wp\/v2\/media\/1201"}],"wp:attachment":[{"href":"https:\/\/vintagecamper.adlunam-agency.com\/touraine\/wp-json\/wp\/v2\/media?parent=1196"}],"curies":[{"name":"wp","href":"https:\/\/api.w.org\/{rel}","templated":true}]}}