{"id":2,"date":"2023-05-01T17:51:44","date_gmt":"2023-05-01T15:51:44","guid":{"rendered":"https:\/\/vintagecamper.adlunam-agency.com\/touraine\/?page_id=2"},"modified":"2026-03-27T12:32:11","modified_gmt":"2026-03-27T11:32:11","slug":"nom-agence","status":"publish","type":"page","link":"https:\/\/vintagecamper.adlunam-agency.com\/touraine\/","title":{"rendered":"Vintage Camper &#8211; Touraine"},"content":{"rendered":"\n<p>Vintage&nbsp;Camper&nbsp;Touraine&nbsp;est une soci\u00e9t\u00e9 sp\u00e9cialis\u00e9e dans la&nbsp;location&nbsp;des&nbsp;&nbsp;combis&nbsp;vw am\u00e9nag\u00e9s pour des vacances ou des \u00e9v\u00e8nements. La soci\u00e9t\u00e9 est situ\u00e9e \u00e0 15 min d\u2019Amboise et 30 min de Tours. <\/p>\n\n\n\n<p>Passionn\u00e9s&nbsp;par les&nbsp;combis&nbsp;vintage&nbsp;des ann\u00e9es 70, les roadtrips, et la touraine, nous&nbsp;souhaitons offrir \u00e0 nos clients une exp\u00e9rience unique \u00e0 bords de nos&nbsp;combis.&nbsp;&nbsp;Que ce soit pour des vacances en famille, entre amis ou c\u00e9l\u00e9brer&nbsp;un \u00e9v\u00e9nement sp\u00e9cial, nous avons \u00e0 la&nbsp;location&nbsp;le&nbsp;combi&nbsp;vintage&nbsp;id\u00e9al. <\/p>\n\n\n\n<p>Nos&nbsp;combis&nbsp;am\u00e9nag\u00e9s sont des mod\u00e8les embl\u00e9matiques de Volkswagen,&nbsp;soigneusement restaur\u00e9s et \u00e9quip\u00e9s pour offrir tout le confort n\u00e9cessaire. Ils peuvent accueillir jusqu\u2019\u00e0 4 personnes,&nbsp;parfait pour les escapades romantiques, une balade au milieu des&nbsp;vignobles, des chateaux de la Loire, ou pour ajouter une touche r\u00e9tro-vintage \u00e0 votre \u00e9v\u00e9nement sp\u00e9cial en&nbsp;Touraine.<\/p>\n\n\n\n<p>Nous proposons des formules de&nbsp;location&nbsp;flexibles, allant de quelques&nbsp;jours \u00e0 plusieurs&nbsp;semaines, afin de r\u00e9pondre aux besoins de chacun. De&nbsp;plus, nous offrons des conseils personnalis\u00e9s sur les meilleurs itin\u00e9raires,&nbsp;les sites \u00e0 visiter et les campings sympathiques de la r\u00e9gion&nbsp; Touraine.<\/p>\n\n\n\n<p>Que vous souhaitiez visiter les chateaux de la Loire, d\u00e9couvrir les&nbsp;cit\u00e9 de caract\u00e8re, Amboise, Loches, Tours, Chinon, d\u00e9couvrir les vignobles&nbsp;de la&nbsp;Touraine, Vouvray, Montlouis, Bourgueil ,ou participer \u00e0 un&nbsp;\u00e9v\u00e9nement sp\u00e9cial,&nbsp;Vintage&nbsp;Camper&nbsp;Touraine&nbsp;est l\u00e0 pour vous&nbsp;accompagner dans votre aventure r\u00e9tro-vintage. Contactez-nous d\u00e8s&nbsp;aujourd\u2019hui pour r\u00e9server \u00e0 la&nbsp;location&nbsp;votre&nbsp;combi&nbsp;am\u00e9nag\u00e9 et pr\u00e9parez-vous \u00e0 vivre des moments inoubliables en&nbsp;Touraine.<\/p>\n\n\n\n<p>Pour plus de renseignements, demande de r\u00e9servations ou tarifs de\u00a0location,\u00a0n\u2019h\u00e9sitez pas \u00e0 me contacter par t\u00e9l\u00e9phone au 06.70.31.74.30<\/p>\n","protected":false},"excerpt":{"rendered":"<p>Vintage&nbsp;Camper&nbsp;Touraine&nbsp;est une soci\u00e9t\u00e9 sp\u00e9cialis\u00e9e dans la&nbsp;location&nbsp;des&nbsp;&nbsp;combis&nbsp;vw am\u00e9nag\u00e9s pour des vacances ou des \u00e9v\u00e8nements. La soci\u00e9t\u00e9 est situ\u00e9e \u00e0 15 min d\u2019Amboise et 30 min de Tours. Passionn\u00e9s&nbsp;par les&nbsp;combis&nbsp;vintage&nbsp;des ann\u00e9es 70, les roadtrips, et la touraine, nous&nbsp;souhaitons offrir \u00e0 nos clients une exp\u00e9rience unique \u00e0 bords de nos&nbsp;combis.&nbsp;&nbsp;Que ce soit pour des vacances en famille, entre [&hellip;]<\/p>\n","protected":false},"author":1,"featured_media":586,"parent":0,"menu_order":0,"comment_status":"closed","ping_status":"closed","template":"","meta":{"_acf_changed":false,"footnotes":""},"class_list":["post-2","page","type-page","status-publish","has-post-thumbnail","hentry"],"acf":[],"yoast_head":"<!-- This site is optimized with the Yoast SEO plugin v26.8 - https:\/\/yoast.com\/product\/yoast-seo-wordpress\/ -->\n<title>Location de combi et van am\u00e9nag\u00e9 en Touraine - Vintage Camper<\/title>\n<meta name=\"description\" content=\"Soci\u00e9t\u00e9 de location de combi vintage en touraine. \u00e9v\u00e8nements, mariage, week-end, vacances, visite les chateaux de la loire et les vignobles.\" \/>\n<meta name=\"robots\" content=\"noindex, follow, max-snippet:-1, max-image-preview:large, max-video-preview:-1\" \/>\n<meta property=\"og:locale\" content=\"fr_FR\" \/>\n<meta property=\"og:type\" content=\"article\" \/>\n<meta property=\"og:title\" content=\"Location de combi et van am\u00e9nag\u00e9 en Touraine - Vintage Camper\" \/>\n<meta property=\"og:description\" content=\"Soci\u00e9t\u00e9 de location de combi vintage en touraine. \u00e9v\u00e8nements, mariage, week-end, vacances, visite les chateaux de la loire et les vignobles.\" \/>\n<meta property=\"og:url\" content=\"https:\/\/vintagecamper.adlunam-agency.com\/touraine\/\" \/>\n<meta property=\"og:site_name\" content=\"Vintage Camper Touraine\" \/>\n<meta property=\"article:modified_time\" content=\"2026-03-27T11:32:11+00:00\" \/>\n<meta property=\"og:image\" content=\"https:\/\/vintagecamper.adlunam-agency.com\/touraine\/wp-content\/uploads\/sites\/5\/2025\/01\/Bienvenue-en-Touraine-1024x1024.png\" \/>\n\t<meta property=\"og:image:width\" content=\"1024\" \/>\n\t<meta property=\"og:image:height\" content=\"1024\" \/>\n\t<meta property=\"og:image:type\" content=\"image\/png\" \/>\n<meta name=\"twitter:card\" content=\"summary_large_image\" \/>\n<meta name=\"twitter:label1\" content=\"Dur\u00e9e de lecture estim\u00e9e\" \/>\n\t<meta name=\"twitter:data1\" content=\"4 minutes\" \/>\n<script type=\"application\/ld+json\" class=\"yoast-schema-graph\">{\"@context\":\"https:\/\/schema.org\",\"@graph\":[{\"@type\":\"WebPage\",\"@id\":\"https:\/\/vintagecamper.adlunam-agency.com\/touraine\/\",\"url\":\"https:\/\/vintagecamper.adlunam-agency.com\/touraine\/\",\"name\":\"Location de combi et van am\u00e9nag\u00e9 en Touraine - Vintage Camper\",\"isPartOf\":{\"@id\":\"https:\/\/vintagecamper.adlunam-agency.com\/touraine\/#website\"},\"primaryImageOfPage\":{\"@id\":\"https:\/\/vintagecamper.adlunam-agency.com\/touraine\/#primaryimage\"},\"image\":{\"@id\":\"https:\/\/vintagecamper.adlunam-agency.com\/touraine\/#primaryimage\"},\"thumbnailUrl\":\"https:\/\/vintagecamper.adlunam-agency.com\/touraine\/wp-content\/uploads\/sites\/5\/2025\/01\/Bienvenue-en-Touraine.png\",\"datePublished\":\"2023-05-01T15:51:44+00:00\",\"dateModified\":\"2026-03-27T11:32:11+00:00\",\"description\":\"Soci\u00e9t\u00e9 de location de combi vintage en touraine. \u00e9v\u00e8nements, mariage, week-end, vacances, visite les chateaux de la loire et les vignobles.\",\"breadcrumb\":{\"@id\":\"https:\/\/vintagecamper.adlunam-agency.com\/touraine\/#breadcrumb\"},\"inLanguage\":\"fr-FR\",\"potentialAction\":[{\"@type\":\"ReadAction\",\"target\":[\"https:\/\/vintagecamper.adlunam-agency.com\/touraine\/\"]}]},{\"@type\":\"ImageObject\",\"inLanguage\":\"fr-FR\",\"@id\":\"https:\/\/vintagecamper.adlunam-agency.com\/touraine\/#primaryimage\",\"url\":\"https:\/\/vintagecamper.adlunam-agency.com\/touraine\/wp-content\/uploads\/sites\/5\/2025\/01\/Bienvenue-en-Touraine.png\",\"contentUrl\":\"https:\/\/vintagecamper.adlunam-agency.com\/touraine\/wp-content\/uploads\/sites\/5\/2025\/01\/Bienvenue-en-Touraine.png\",\"width\":1080,\"height\":1080,\"caption\":\"Vintage Camper Touraine vous souhaite la bienvenue\"},{\"@type\":\"BreadcrumbList\",\"@id\":\"https:\/\/vintagecamper.adlunam-agency.com\/touraine\/#breadcrumb\",\"itemListElement\":[{\"@type\":\"ListItem\",\"position\":1,\"name\":\"Accueil\",\"item\":\"https:\/\/vintagecamper.adlunam-agency.com\/touraine\/\"},{\"@type\":\"ListItem\",\"position\":2,\"name\":\"Vintage Camper &#8211; Touraine\"}]},{\"@type\":\"WebSite\",\"@id\":\"https:\/\/vintagecamper.adlunam-agency.com\/touraine\/#website\",\"url\":\"https:\/\/vintagecamper.adlunam-agency.com\/touraine\/\",\"name\":\"Vintage Camper Touraine\",\"description\":\"\",\"potentialAction\":[{\"@type\":\"SearchAction\",\"target\":{\"@type\":\"EntryPoint\",\"urlTemplate\":\"https:\/\/vintagecamper.adlunam-agency.com\/touraine\/?s={search_term_string}\"},\"query-input\":{\"@type\":\"PropertyValueSpecification\",\"valueRequired\":true,\"valueName\":\"search_term_string\"}}],\"inLanguage\":\"fr-FR\"}]}<\/script>\n<!-- \/ Yoast SEO plugin. -->","yoast_head_json":{"title":"Location de combi et van am\u00e9nag\u00e9 en Touraine - Vintage Camper","description":"Soci\u00e9t\u00e9 de location de combi vintage en touraine. \u00e9v\u00e8nements, mariage, week-end, vacances, visite les chateaux de la loire et les vignobles.","robots":{"index":"noindex","follow":"follow","max-snippet":"max-snippet:-1","max-image-preview":"max-image-preview:large","max-video-preview":"max-video-preview:-1"},"og_locale":"fr_FR","og_type":"article","og_title":"Location de combi et van am\u00e9nag\u00e9 en Touraine - Vintage Camper","og_description":"Soci\u00e9t\u00e9 de location de combi vintage en touraine. \u00e9v\u00e8nements, mariage, week-end, vacances, visite les chateaux de la loire et les vignobles.","og_url":"https:\/\/vintagecamper.adlunam-agency.com\/touraine\/","og_site_name":"Vintage Camper Touraine","article_modified_time":"2026-03-27T11:32:11+00:00","og_image":[{"width":1024,"height":1024,"url":"https:\/\/vintagecamper.adlunam-agency.com\/touraine\/wp-content\/uploads\/sites\/5\/2025\/01\/Bienvenue-en-Touraine-1024x1024.png","type":"image\/png"}],"twitter_card":"summary_large_image","twitter_misc":{"Dur\u00e9e de lecture estim\u00e9e":"4 minutes"},"schema":{"@context":"https:\/\/schema.org","@graph":[{"@type":"WebPage","@id":"https:\/\/vintagecamper.adlunam-agency.com\/touraine\/","url":"https:\/\/vintagecamper.adlunam-agency.com\/touraine\/","name":"Location de combi et van am\u00e9nag\u00e9 en Touraine - Vintage Camper","isPartOf":{"@id":"https:\/\/vintagecamper.adlunam-agency.com\/touraine\/#website"},"primaryImageOfPage":{"@id":"https:\/\/vintagecamper.adlunam-agency.com\/touraine\/#primaryimage"},"image":{"@id":"https:\/\/vintagecamper.adlunam-agency.com\/touraine\/#primaryimage"},"thumbnailUrl":"https:\/\/vintagecamper.adlunam-agency.com\/touraine\/wp-content\/uploads\/sites\/5\/2025\/01\/Bienvenue-en-Touraine.png","datePublished":"2023-05-01T15:51:44+00:00","dateModified":"2026-03-27T11:32:11+00:00","description":"Soci\u00e9t\u00e9 de location de combi vintage en touraine. \u00e9v\u00e8nements, mariage, week-end, vacances, visite les chateaux de la loire et les vignobles.","breadcrumb":{"@id":"https:\/\/vintagecamper.adlunam-agency.com\/touraine\/#breadcrumb"},"inLanguage":"fr-FR","potentialAction":[{"@type":"ReadAction","target":["https:\/\/vintagecamper.adlunam-agency.com\/touraine\/"]}]},{"@type":"ImageObject","inLanguage":"fr-FR","@id":"https:\/\/vintagecamper.adlunam-agency.com\/touraine\/#primaryimage","url":"https:\/\/vintagecamper.adlunam-agency.com\/touraine\/wp-content\/uploads\/sites\/5\/2025\/01\/Bienvenue-en-Touraine.png","contentUrl":"https:\/\/vintagecamper.adlunam-agency.com\/touraine\/wp-content\/uploads\/sites\/5\/2025\/01\/Bienvenue-en-Touraine.png","width":1080,"height":1080,"caption":"Vintage Camper Touraine vous souhaite la bienvenue"},{"@type":"BreadcrumbList","@id":"https:\/\/vintagecamper.adlunam-agency.com\/touraine\/#breadcrumb","itemListElement":[{"@type":"ListItem","position":1,"name":"Accueil","item":"https:\/\/vintagecamper.adlunam-agency.com\/touraine\/"},{"@type":"ListItem","position":2,"name":"Vintage Camper &#8211; Touraine"}]},{"@type":"WebSite","@id":"https:\/\/vintagecamper.adlunam-agency.com\/touraine\/#website","url":"https:\/\/vintagecamper.adlunam-agency.com\/touraine\/","name":"Vintage Camper Touraine","description":"","potentialAction":[{"@type":"SearchAction","target":{"@type":"EntryPoint","urlTemplate":"https:\/\/vintagecamper.adlunam-agency.com\/touraine\/?s={search_term_string}"},"query-input":{"@type":"PropertyValueSpecification","valueRequired":true,"valueName":"search_term_string"}}],"inLanguage":"fr-FR"}]}},"_links":{"self":[{"href":"https:\/\/vintagecamper.adlunam-agency.com\/touraine\/wp-json\/wp\/v2\/pages\/2","targetHints":{"allow":["GET"]}}],"collection":[{"href":"https:\/\/vintagecamper.adlunam-agency.com\/touraine\/wp-json\/wp\/v2\/pages"}],"about":[{"href":"https:\/\/vintagecamper.adlunam-agency.com\/touraine\/wp-json\/wp\/v2\/types\/page"}],"author":[{"embeddable":true,"href":"https:\/\/vintagecamper.adlunam-agency.com\/touraine\/wp-json\/wp\/v2\/users\/1"}],"replies":[{"embeddable":true,"href":"https:\/\/vintagecamper.adlunam-agency.com\/touraine\/wp-json\/wp\/v2\/comments?post=2"}],"version-history":[{"count":59,"href":"https:\/\/vintagecamper.adlunam-agency.com\/touraine\/wp-json\/wp\/v2\/pages\/2\/revisions"}],"predecessor-version":[{"id":1334,"href":"https:\/\/vintagecamper.adlunam-agency.com\/touraine\/wp-json\/wp\/v2\/pages\/2\/revisions\/1334"}],"wp:featuredmedia":[{"embeddable":true,"href":"https:\/\/vintagecamper.adlunam-agency.com\/touraine\/wp-json\/wp\/v2\/media\/586"}],"wp:attachment":[{"href":"https:\/\/vintagecamper.adlunam-agency.com\/touraine\/wp-json\/wp\/v2\/media?parent=2"}],"curies":[{"name":"wp","href":"https:\/\/api.w.org\/{rel}","templated":true}]}}